{"id":912,"date":"2022-03-27T10:11:31","date_gmt":"2022-03-27T09:11:31","guid":{"rendered":"http:\/\/www.ccgrenzland.de\/wordpress\/?page_id=912"},"modified":"2023-01-21T15:27:21","modified_gmt":"2023-01-21T14:27:21","slug":"umgebung","status":"publish","type":"page","link":"https:\/\/www.ccgrenzland.de\/wordpress\/umgebung\/","title":{"rendered":"Umgebung"},"content":{"rendered":"\n<p>Die 800 Jahre alte Gemeinde<strong> Grefrath<\/strong> liegt kaum 5 km entfernt. Das St\u00e4dtchen hat ca.14.000 Einwohner und bietet einige kulturelle und sportliche Attraktionen.<\/p>\n\n\n<div class=\"wp-block-image\">\n<figure class=\"alignright size-large is-resized\"><img loading=\"lazy\" decoding=\"async\" src=\"https:\/\/www.ccgrenzland.de\/wordpress\/wp-content\/uploads\/20220813_131031686_iOS-1024x768.jpg\" alt=\"\" class=\"wp-image-4525\" width=\"307\" height=\"230\" srcset=\"https:\/\/www.ccgrenzland.de\/wordpress\/wp-content\/uploads\/20220813_131031686_iOS-1024x768.jpg 1024w, https:\/\/www.ccgrenzland.de\/wordpress\/wp-content\/uploads\/20220813_131031686_iOS-300x225.jpg 300w, https:\/\/www.ccgrenzland.de\/wordpress\/wp-content\/uploads\/20220813_131031686_iOS-768x576.jpg 768w, https:\/\/www.ccgrenzland.de\/wordpress\/wp-content\/uploads\/20220813_131031686_iOS-1536x1152.jpg 1536w, https:\/\/www.ccgrenzland.de\/wordpress\/wp-content\/uploads\/20220813_131031686_iOS-2048x1536.jpg 2048w\" sizes=\"auto, (max-width: 307px) 100vw, 307px\" \/><\/figure>\n<\/div>\n\n\n<ul class=\"wp-block-list\">\n<li>Eissportzentrum mit einer Eisfl\u00e4che von 8.000 m\u00b2.<\/li>\n\n\n\n<li>Hallen- und Freibad laden zu sportlicher Bet\u00e4tigung ein.<\/li>\n\n\n\n<li>Reiten, Angeln, Tennis oder eine Paddeltour auf der Niers tragen zu einem erlebnisreichen Aktivurlaub bei.<\/li>\n\n\n\n<li>Freilichtmuseum &#8222;Dorenburg&#8220; &#8211; ein echtes Familienmuseum.<\/li>\n\n\n\n<li>Gutb\u00fcrgerliche Gastst\u00e4tten sorgen f\u00fcr das leibliche Wohl.<\/li>\n<\/ul>\n\n\n\n<p>Knapp 10 km entfernt liegt das historisch bedeutungsvolle St\u00e4dtchen <strong>Kempen<\/strong> (die Thomas-Stadt) mit seinem alten Stadtkern, seiner Stadtmauer und der Burg. Bei einem &#8222;Historischen Stadtrundgang&#8220; kann man diese liebenswerte und gem\u00fctliche Stadt kennen und lieben lernen.<br>Das Freizeitbad &#8222;AuqaSol&#8220; l\u00e4dt zu ausgiebigem Badevergn\u00fcgen ein. Ein weitl\u00e4ufig angelegtes Freibad und ein Hallenbad mit Sportbecken, Solebereich, Rutschbahn, Whirlpool, Sole-Au\u00dfenbecken und Sauna lassen keine W\u00fcnsche offen.<\/p>\n\n\n\n<p>Ins Einkaufsparadies <strong>Venlo<\/strong>&nbsp;f\u00e4hrt man zirka 15 km.<\/p>\n\n\n<div class=\"wp-block-image\">\n<figure class=\"alignleft is-resized\"><img loading=\"lazy\" decoding=\"async\" src=\"https:\/\/www.ccgrenzland.de\/wordpress\/wp-content\/uploads\/20220611_114551985_iOS-scaled.jpg\" alt=\"\" class=\"wp-image-4530\" width=\"328\" height=\"246\" srcset=\"https:\/\/www.ccgrenzland.de\/wordpress\/wp-content\/uploads\/20220611_114551985_iOS-scaled.jpg 2560w, https:\/\/www.ccgrenzland.de\/wordpress\/wp-content\/uploads\/20220611_114551985_iOS-300x225.jpg 300w, https:\/\/www.ccgrenzland.de\/wordpress\/wp-content\/uploads\/20220611_114551985_iOS-1024x768.jpg 1024w, https:\/\/www.ccgrenzland.de\/wordpress\/wp-content\/uploads\/20220611_114551985_iOS-768x576.jpg 768w, https:\/\/www.ccgrenzland.de\/wordpress\/wp-content\/uploads\/20220611_114551985_iOS-1536x1152.jpg 1536w, https:\/\/www.ccgrenzland.de\/wordpress\/wp-content\/uploads\/20220611_114551985_iOS-2048x1536.jpg 2048w\" sizes=\"auto, (max-width: 328px) 100vw, 328px\" \/><\/figure>\n<\/div>\n\n\n<p>Weitere reizvolle Landschaften in unmittelbarer N\u00e4he sind die <strong>Hinsbecker Schweiz<\/strong> mit ihren H\u00f6henz\u00fcgen, W\u00e4ldern, der Seenplatte und die <strong>Venloer Heide<\/strong>. Das gut beschilderte, grenz\u00fcberschreitende Fahrradwegenetz l\u00e4dt zu kleinen und gro\u00dfen Touren ein.<\/p>\n\n\n\n<p>Ob am Wochenende oder im Urlaub bietet der Platz ausgezeichnete M\u00f6glichkeiten f\u00fcr interessante Unternehmungen.<\/p>\n","protected":false},"excerpt":{"rendered":"<p>Die 800 Jahre alte Gemeinde Grefrath liegt kaum 5 km entfernt. Das St\u00e4dtchen hat ca.14.000 Einwohner und bietet einige kulturelle und sportliche Attraktionen. Knapp 10 km entfernt liegt das historisch bedeutungsvolle St\u00e4dtchen Kempen (die Thomas-Stadt) mit seinem alten Stadtkern, seiner Stadtmauer und der Burg. Bei einem &#8222;Historischen Stadtrundgang&#8220; kann man diese liebenswerte und gem\u00fctliche Stadt &#8230; <a title=\"Umgebung\" class=\"read-more\" href=\"https:\/\/www.ccgrenzland.de\/wordpress\/umgebung\/\" aria-label=\"Mehr Informationen \u00fcber Umgebung\">Weiterlesen<\/a><\/p>\n","protected":false},"author":7,"featured_media":0,"parent":0,"menu_order":0,"comment_status":"closed","ping_status":"open","template":"","meta":{"footnotes":""},"class_list":["post-912","page","type-page","status-publish"],"_links":{"self":[{"href":"https:\/\/www.ccgrenzland.de\/wordpress\/wp-json\/wp\/v2\/pages\/912","targetHints":{"allow":["GET"]}}],"collection":[{"href":"https:\/\/www.ccgrenzland.de\/wordpress\/wp-json\/wp\/v2\/pages"}],"about":[{"href":"https:\/\/www.ccgrenzland.de\/wordpress\/wp-json\/wp\/v2\/types\/page"}],"author":[{"embeddable":true,"href":"https:\/\/www.ccgrenzland.de\/wordpress\/wp-json\/wp\/v2\/users\/7"}],"replies":[{"embeddable":true,"href":"https:\/\/www.ccgrenzland.de\/wordpress\/wp-json\/wp\/v2\/comments?post=912"}],"version-history":[{"count":0,"href":"https:\/\/www.ccgrenzland.de\/wordpress\/wp-json\/wp\/v2\/pages\/912\/revisions"}],"wp:attachment":[{"href":"https:\/\/www.ccgrenzland.de\/wordpress\/wp-json\/wp\/v2\/media?parent=912"}],"curies":[{"name":"wp","href":"https:\/\/api.w.org\/{rel}","templated":true}]}}