{"id":4929,"date":"2024-02-07T16:37:57","date_gmt":"2024-02-07T15:37:57","guid":{"rendered":"https:\/\/www.ccgrenzland.de\/wordpress\/?page_id=4929"},"modified":"2026-02-09T11:43:28","modified_gmt":"2026-02-09T10:43:28","slug":"ueber-uns","status":"publish","type":"page","link":"https:\/\/www.ccgrenzland.de\/wordpress\/","title":{"rendered":"\u00dcber uns"},"content":{"rendered":"\n<p>Wir \u201eGrenzl\u00e4nder\u201c sind ein Campingverein im DCC Landesverband Mittelrhein. Unser aktives Clubleben ist von Harmonie und Geselligkeit gepr\u00e4gt. Gemeinsam pflegen und gestalten wir unseren vereinseigenen&nbsp;<a href=\"https:\/\/www.ccgrenzland.de\/wordpress\/campingplatz\/\">Campingplatz<\/a>&nbsp;und wir feiern zusammen.<\/p>\n\n\n\n<figure class=\"wp-block-image size-large is-resized\"><img loading=\"lazy\" decoding=\"async\" width=\"1024\" height=\"462\" src=\"https:\/\/www.ccgrenzland.de\/wordpress\/wp-content\/uploads\/80f02bb0-5c8d-452d-aaa3-a2de29f98fcf-1024x462.jpg\" alt=\"\" class=\"wp-image-4860\" style=\"width:800px;height:auto\" srcset=\"https:\/\/www.ccgrenzland.de\/wordpress\/wp-content\/uploads\/80f02bb0-5c8d-452d-aaa3-a2de29f98fcf-1024x462.jpg 1024w, https:\/\/www.ccgrenzland.de\/wordpress\/wp-content\/uploads\/80f02bb0-5c8d-452d-aaa3-a2de29f98fcf-300x135.jpg 300w, https:\/\/www.ccgrenzland.de\/wordpress\/wp-content\/uploads\/80f02bb0-5c8d-452d-aaa3-a2de29f98fcf-768x346.jpg 768w, https:\/\/www.ccgrenzland.de\/wordpress\/wp-content\/uploads\/80f02bb0-5c8d-452d-aaa3-a2de29f98fcf-1536x692.jpg 1536w, https:\/\/www.ccgrenzland.de\/wordpress\/wp-content\/uploads\/80f02bb0-5c8d-452d-aaa3-a2de29f98fcf.jpg 2048w\" sizes=\"auto, (max-width: 1024px) 100vw, 1024px\" \/><\/figure>\n\n\n\n<p><\/p>\n\n\n\n<p>Der 1959 gegr\u00fcndete Verein hat im Laufe der Jahre viele sch\u00f6ne Traditionen aufgebaut, die wir aufrechterhalten und pflegen.<\/p>\n\n\n\n<p><a href=\"https:\/\/www.ccgrenzland.de\/wordpress\/?page_id=25\"><strong>Karnevals-Rallye<\/strong><\/a>\u00a0\u2013 mit unserer selbst gestalteten Party, bei der zahlreiche nationale und internationale Stars auftreten. Ausgezeichnete Stimmung ist garantiert. Wir bedanken uns f\u00fcr Euren Besuch beim diesj\u00e4hrigen Karneval an der Nette. Es war eine super Party.<\/p>\n\n\n\n<p><strong>Tanz in den Mai<\/strong>&nbsp;\u2013 mit allj\u00e4hrlicher Kr\u00f6nung unserer Maik\u00f6nigin.<\/p>\n\n\n\n<p><strong>Sch\u00fctzenfest&nbsp;<\/strong>\u2013<strong>&nbsp;<\/strong>bei dem der Sch\u00fctzenk\u00f6nig und seine Brudermeister ermittelt werden.<\/p>\n\n\n\n<p><strong>Sommerfest<\/strong>&nbsp;\u2013 nach den Sommerferien mit Grillen und Musik.<\/p>\n\n\n\n<p><a href=\"https:\/\/www.ccgrenzland.de\/wordpress\/anmeldung-st-martins-rallye\/\" data-type=\"page\" data-id=\"5074\"><strong>St. Martins-Rallye<\/strong><\/a>&nbsp;\u2013 unser gr\u00f6\u00dftes Fest im CC Grenzland mit zahlreichen G\u00e4sten. Ihr seid herzlich zur n\u00e4chsten St. Martins Rallye vom 30. Oktober bis 01. November 2026 eingeladen. Zur Anmeldung geht&#8217;s <a href=\"https:\/\/www.ccgrenzland.de\/wordpress\/anmeldung-st-martins-rallye\/\" data-type=\"page\" data-id=\"5074\">hier<\/a>.<\/p>\n\n\n\n<p>Das clubinterne&nbsp;<strong>G\u00e4nseessen<\/strong>&nbsp;im November, der Nikolausabend und die stimmungsvolle Silvesterfeier schlie\u00dfen den Reigen der Feste.<\/p>\n\n\n\n<p>Unsere Veranstaltungen bieten immer auch attraktive Angebote f\u00fcr Kinder.<\/p>\n\n\n\n<p><\/p>\n","protected":false},"excerpt":{"rendered":"<p>Wir \u201eGrenzl\u00e4nder\u201c sind ein Campingverein im DCC Landesverband Mittelrhein. Unser aktives Clubleben ist von Harmonie und Geselligkeit gepr\u00e4gt. Gemeinsam pflegen und gestalten wir unseren vereinseigenen&nbsp;Campingplatz&nbsp;und wir feiern zusammen. Der 1959 gegr\u00fcndete Verein hat im Laufe der Jahre viele sch\u00f6ne Traditionen aufgebaut, die wir aufrechterhalten und pflegen. Karnevals-Rallye\u00a0\u2013 mit unserer selbst gestalteten Party, bei der zahlreiche &#8230; <a title=\"\u00dcber uns\" class=\"read-more\" href=\"https:\/\/www.ccgrenzland.de\/wordpress\/\" aria-label=\"Mehr Informationen \u00fcber \u00dcber uns\">Weiterlesen<\/a><\/p>\n","protected":false},"author":7,"featured_media":0,"parent":0,"menu_order":0,"comment_status":"closed","ping_status":"closed","template":"","meta":{"footnotes":""},"class_list":["post-4929","page","type-page","status-publish"],"_links":{"self":[{"href":"https:\/\/www.ccgrenzland.de\/wordpress\/wp-json\/wp\/v2\/pages\/4929","targetHints":{"allow":["GET"]}}],"collection":[{"href":"https:\/\/www.ccgrenzland.de\/wordpress\/wp-json\/wp\/v2\/pages"}],"about":[{"href":"https:\/\/www.ccgrenzland.de\/wordpress\/wp-json\/wp\/v2\/types\/page"}],"author":[{"embeddable":true,"href":"https:\/\/www.ccgrenzland.de\/wordpress\/wp-json\/wp\/v2\/users\/7"}],"replies":[{"embeddable":true,"href":"https:\/\/www.ccgrenzland.de\/wordpress\/wp-json\/wp\/v2\/comments?post=4929"}],"version-history":[{"count":0,"href":"https:\/\/www.ccgrenzland.de\/wordpress\/wp-json\/wp\/v2\/pages\/4929\/revisions"}],"wp:attachment":[{"href":"https:\/\/www.ccgrenzland.de\/wordpress\/wp-json\/wp\/v2\/media?parent=4929"}],"curies":[{"name":"wp","href":"https:\/\/api.w.org\/{rel}","templated":true}]}}